{"id":13,"date":"2026-05-09T09:05:53","date_gmt":"2026-05-09T09:05:53","guid":{"rendered":"https:\/\/prucox.com\/?page_id=13"},"modified":"2026-05-09T09:05:53","modified_gmt":"2026-05-09T09:05:53","slug":"banka-bilgileri","status":"publish","type":"page","link":"https:\/\/prucox.com\/index.php\/banka-bilgileri\/","title":{"rendered":"Banka Bilgileri"},"content":{"rendered":"<div class=\"pls-bankinfo\">\n\n            <div class=\"pls-notice\">\n            Ge\u00e7erli bir \u00f6deme bilgisi bulunamad\u0131. \u00d6nce <a href=\"https:\/\/prucox.com\/index.php\/planlar\/\">plan se\u00e7imi yap\u0131n<\/a>.\n        <\/div>\n    <\/div>\n\n<style>\n.pls-bankinfo { max-width:560px; margin:0 auto; }\n.pls-bankinfo-card { background:#fff; border:1px solid #E5E7EB; border-radius:8px; padding:6px 16px; margin:20px 0; }\n.pls-bankinfo-row { display:flex; justify-content:space-between; padding:10px 0; border-bottom:1px solid #F3F4F6; }\n.pls-bankinfo-row:last-child { border-bottom:none; }\n.pls-bankinfo-label { color:#6B7280; }\n.pls-bankinfo-val { font-weight:600; }\n.pls-bankinfo-amount { font-size:18px; color:#1E40AF; }\n.pls-reference-box { background:#FEF3C7; border:2px dashed #F59E0B; border-radius:8px; padding:16px; text-align:center; margin:20px 0; }\n.pls-reference-label { font-size:13px; color:#92400E; margin-bottom:6px; }\n.pls-reference-code { font-size:24px; font-weight:700; letter-spacing:1px; font-family:monospace; color:#1E40AF; margin-bottom:8px; }\n.pls-reference-box small { color:#92400E; font-size:12px; }\n.pls-notice { padding:12px 14px; border-radius:6px; margin:14px 0; font-size:14px; }\n.pls-notice-info { background:#EFF6FF; color:#1E40AF; border-left:4px solid #3B82F6; }\n<\/style>\n\n\n\n\n<p><\/p>\n","protected":false},"excerpt":{"rendered":"","protected":false},"author":1,"featured_media":0,"parent":0,"menu_order":0,"comment_status":"closed","ping_status":"closed","template":"","meta":{"footnotes":""},"class_list":["post-13","page","type-page","status-publish","hentry"],"_links":{"self":[{"href":"https:\/\/prucox.com\/index.php\/wp-json\/wp\/v2\/pages\/13","targetHints":{"allow":["GET"]}}],"collection":[{"href":"https:\/\/prucox.com\/index.php\/wp-json\/wp\/v2\/pages"}],"about":[{"href":"https:\/\/prucox.com\/index.php\/wp-json\/wp\/v2\/types\/page"}],"author":[{"embeddable":true,"href":"https:\/\/prucox.com\/index.php\/wp-json\/wp\/v2\/users\/1"}],"replies":[{"embeddable":true,"href":"https:\/\/prucox.com\/index.php\/wp-json\/wp\/v2\/comments?post=13"}],"version-history":[{"count":1,"href":"https:\/\/prucox.com\/index.php\/wp-json\/wp\/v2\/pages\/13\/revisions"}],"predecessor-version":[{"id":14,"href":"https:\/\/prucox.com\/index.php\/wp-json\/wp\/v2\/pages\/13\/revisions\/14"}],"wp:attachment":[{"href":"https:\/\/prucox.com\/index.php\/wp-json\/wp\/v2\/media?parent=13"}],"curies":[{"name":"wp","href":"https:\/\/api.w.org\/{rel}","templated":true}]}}