{"id":2,"date":"2026-05-09T08:00:02","date_gmt":"2026-05-09T08:00:02","guid":{"rendered":"https:\/\/prucox.com\/?page_id=2"},"modified":"2026-05-09T08:00:02","modified_gmt":"2026-05-09T08:00:02","slug":"planlar","status":"publish","type":"page","link":"https:\/\/prucox.com\/index.php\/planlar\/","title":{"rendered":"Planlar"},"content":{"rendered":"<div class=\"pls-pricing\">\n            <div class=\"pls-pricing-grid\">\n                            <div class=\"pls-pricing-card\">\n                    <h3>Deneme \u00dcyeli\u011fi<\/h3>\n                    \n                    <div class=\"pls-pricing-price\">\n                        <strong>\u20ba100,00<\/strong>\n                        <small>\/ ay<\/small>\n                    <\/div>\n\n                    <ul class=\"pls-pricing-modules\">\n                                                    <li>\n                                <span style=\"color:#10B981\">\u2713<\/span>\n                                \u0130hale Asistan\u0131                                                                    <small>(5 kullan\u0131c\u0131)<\/small>\n                                                            <\/li>\n                                                    <li>\n                                <span style=\"color:#10B981\">\u2713<\/span>\n                                S\u00f6zle\u015fme Asistan\u0131                                                                    <small>(5 kullan\u0131c\u0131)<\/small>\n                                                            <\/li>\n                                                    <li>\n                                <span style=\"color:#10B981\">\u2713<\/span>\n                                Kategori Asistan\u0131                                                                    <small>(5 kullan\u0131c\u0131)<\/small>\n                                                            <\/li>\n                                                    <li>\n                                <span style=\"color:#10B981\">\u2713<\/span>\n                                M\u00fczakere Asistan\u0131                                                                    <small>(5 kullan\u0131c\u0131)<\/small>\n                                                            <\/li>\n                                            <\/ul>\n\n                                            <p class=\"pls-pricing-method-note\">\ud83d\udcb3 Banka havalesi ile \u00f6deme yap\u0131labilir<\/p>\n                    \n                                            <a href=\"https:\/\/prucox.com\/index.php\/kayit\/?plan_id=1\" class=\"pls-btn pls-btn-primary\">Sat\u0131n al<\/a>\n                                    <\/div>\n                            <div class=\"pls-pricing-card\">\n                    <h3>Y\u0131ll\u0131k Tek Kullan\u0131c\u0131 \u00dcyelik<\/h3>\n                    \n                    <div class=\"pls-pricing-price\">\n                        <strong>\u20ba12.000,00<\/strong>\n                        <small>\/ ay<\/small>\n                    <\/div>\n\n                    <ul class=\"pls-pricing-modules\">\n                                                    <li>\n                                <span style=\"color:#10B981\">\u2713<\/span>\n                                \u0130hale Asistan\u0131                                                                    <small>(1 kullan\u0131c\u0131)<\/small>\n                                                            <\/li>\n                                                    <li>\n                                <span style=\"color:#10B981\">\u2713<\/span>\n                                S\u00f6zle\u015fme Asistan\u0131                                                                    <small>(1 kullan\u0131c\u0131)<\/small>\n                                                            <\/li>\n                                                    <li>\n                                <span style=\"color:#10B981\">\u2713<\/span>\n                                Kategori Asistan\u0131                                                                    <small>(1 kullan\u0131c\u0131)<\/small>\n                                                            <\/li>\n                                                    <li>\n                                <span style=\"color:#10B981\">\u2713<\/span>\n                                M\u00fczakere Asistan\u0131                                                                    <small>(1 kullan\u0131c\u0131)<\/small>\n                                                            <\/li>\n                                            <\/ul>\n\n                                            <p class=\"pls-pricing-method-note\">\ud83d\udcb3 Banka havalesi ile \u00f6deme yap\u0131labilir<\/p>\n                    \n                                            <a href=\"https:\/\/prucox.com\/index.php\/kayit\/?plan_id=2\" class=\"pls-btn pls-btn-primary\">Sat\u0131n al<\/a>\n                                    <\/div>\n                    <\/div>\n    <\/div>\n\n<style>\n.pls-pricing-grid { display:grid; grid-template-columns:repeat(auto-fit,minmax(260px,1fr)); gap:20px; margin:20px 0; }\n.pls-pricing-card { border:1px solid #E5E7EB; border-radius:8px; padding:20px; background:#fff; }\n.pls-pricing-card h3 { margin-top:0; color:#1E40AF; }\n.pls-pricing-desc { color:#6B7280; font-size:14px; margin-bottom:12px; }\n.pls-pricing-price { font-size:28px; margin:12px 0; }\n.pls-pricing-price small { font-size:14px; color:#6B7280; font-weight:normal; }\n.pls-pricing-modules { list-style:none; padding:0; margin:16px 0; }\n.pls-pricing-modules li { padding:4px 0; font-size:14px; }\n.pls-pricing-modules small { color:#6B7280; }\n.pls-pricing-method-note { font-size:13px; color:#6B7280; margin:10px 0; }\n.pls-btn { display:inline-block; padding:10px 20px; border-radius:6px; text-decoration:none; font-weight:600; }\n.pls-btn-primary { background:#1E40AF; color:#fff; }\n.pls-btn-primary:hover { background:#1E3A8A; color:#fff; }\n.pls-notice { padding:14px 16px; border-radius:6px; background:#F3F4F6; }\n<\/style>\n\n","protected":false},"excerpt":{"rendered":"","protected":false},"author":1,"featured_media":0,"parent":0,"menu_order":0,"comment_status":"closed","ping_status":"open","template":"","meta":{"footnotes":""},"class_list":["post-2","page","type-page","status-publish","hentry"],"_links":{"self":[{"href":"https:\/\/prucox.com\/index.php\/wp-json\/wp\/v2\/pages\/2","targetHints":{"allow":["GET"]}}],"collection":[{"href":"https:\/\/prucox.com\/index.php\/wp-json\/wp\/v2\/pages"}],"about":[{"href":"https:\/\/prucox.com\/index.php\/wp-json\/wp\/v2\/types\/page"}],"author":[{"embeddable":true,"href":"https:\/\/prucox.com\/index.php\/wp-json\/wp\/v2\/users\/1"}],"replies":[{"embeddable":true,"href":"https:\/\/prucox.com\/index.php\/wp-json\/wp\/v2\/comments?post=2"}],"version-history":[{"count":2,"href":"https:\/\/prucox.com\/index.php\/wp-json\/wp\/v2\/pages\/2\/revisions"}],"predecessor-version":[{"id":9,"href":"https:\/\/prucox.com\/index.php\/wp-json\/wp\/v2\/pages\/2\/revisions\/9"}],"wp:attachment":[{"href":"https:\/\/prucox.com\/index.php\/wp-json\/wp\/v2\/media?parent=2"}],"curies":[{"name":"wp","href":"https:\/\/api.w.org\/{rel}","templated":true}]}}